{"id":640,"date":"2020-05-24T14:05:16","date_gmt":"2020-05-24T12:05:16","guid":{"rendered":"https:\/\/kancelariakodex.pl\/?page_id=640"},"modified":"2023-04-12T13:22:56","modified_gmt":"2023-04-12T11:22:56","slug":"home","status":"publish","type":"page","link":"https:\/\/kancelariakodex.pl\/","title":{"rendered":"Home"},"content":{"rendered":"<p>[et_pb_section fb_built=&#8221;1&#8243; fullwidth=&#8221;on&#8221; _builder_version=&#8221;3.22&#8243;][et_pb_fullwidth_header header_fullscreen=&#8221;on&#8221; header_scroll_down=&#8221;on&#8221; scroll_down_icon=&#8221;%%2%%&#8221; background_overlay_color=&#8221;rgba(0,0,0,0.37)&#8221; _builder_version=&#8221;4.4.2&#8243; title_font=&#8221;Roboto||||||||&#8221; title_text_align=&#8221;center&#8221; title_line_height=&#8221;1.9em&#8221; content_font=&#8221;Dancing Script||||||||&#8221; content_text_align=&#8221;right&#8221; content_font_size=&#8221;30px&#8221; background_image=&#8221;https:\/\/kancelariakodex.pl\/wp-content\/uploads\/2020\/05\/urban-design-5127713_1920.jpg&#8221; inline_fonts=&#8221;ABeeZee,Flamenco,Nova Script,Cutive&#8221;]<\/p>\n<h1><span style=\"font-family: 'Courier Prime'; font-weight: normal; font-size: xx-large;\">&#8222;Stawiaj czo\u0142a sytuacjom trudnym, kiedy wci\u0105\u017c s\u0105 jeszcze \u0142atwe,<\/span><br \/><span style=\"font-family: 'Courier Prime'; font-weight: normal; font-size: xx-large;\"> dokonuj wielkich czyn\u00f3w za pomoc\u0105 serii ma\u0142ych dzia\u0142a\u0144&#8221;.<\/span><\/h1>\n<h1><span style=\"font-family: 'Courier Prime'; font-weight: normal;\">\u00a0 \u00a0 \u00a0 \u00a0 \u00a0 \u00a0 \u00a0 \u00a0 \u00a0 \u00a0 \u00a0 \u00a0 \u00a0 \u00a0 \u00a0 \u00a0 \u00a0 \u00a0 \u00a0 \u00a0 \u00a0 \u00a0 \u00a0 \u00a0 <span style=\"font-family: Cutive; font-size: medium;\"><em>\u00a0Tao Te Ching<\/em><\/span><\/span><\/h1>\n<p>[\/et_pb_fullwidth_header][\/et_pb_section][et_pb_section fb_built=&#8221;1&#8243; _builder_version=&#8221;3.22&#8243; custom_padding=&#8221;11px||9px|||&#8221;][et_pb_row _builder_version=&#8221;3.25&#8243; background_size=&#8221;initial&#8221; background_position=&#8221;top_left&#8221; background_repeat=&#8221;repeat&#8221; custom_margin=&#8221;|auto|-29px|auto||&#8221;][et_pb_column type=&#8221;4_4&#8243; _builder_version=&#8221;3.25&#8243; custom_padding=&#8221;|||&#8221; custom_padding__hover=&#8221;|||&#8221;][et_pb_text _builder_version=&#8221;4.4.2&#8243; header_2_font=&#8221;Roboto|||on|||||&#8221; header_2_text_align=&#8221;center&#8221; custom_margin=&#8221;||10px|||&#8221; header_2_text_shadow_style=&#8221;preset1&#8243;]<\/p>\n<h2><span style=\"font-size: x-large;\"><img loading=\"lazy\" decoding=\"async\" src=\"https:\/\/kancelariakodex.pl\/wp-content\/uploads\/2018\/04\/kodex-300x144.png\" width=\"309\" height=\"148\" alt=\"\" class=\"wp-image-54 alignnone size-medium\" style=\"display: block; margin-left: auto; margin-right: auto;\" srcset=\"https:\/\/kancelariakodex.pl\/wp-content\/uploads\/2018\/04\/kodex-300x144.png 300w, https:\/\/kancelariakodex.pl\/wp-content\/uploads\/2018\/04\/kodex.png 368w\" sizes=\"(max-width: 309px) 100vw, 309px\" \/><\/span><\/h2>\n<p>[\/et_pb_text][\/et_pb_column][\/et_pb_row][et_pb_row column_structure=&#8221;1_2,1_4,1_4&#8243; _builder_version=&#8221;3.25&#8243; background_size=&#8221;initial&#8221; background_position=&#8221;top_left&#8221; background_repeat=&#8221;repeat&#8221; width=&#8221;93.2%&#8221; custom_margin=&#8221;|322px||368px||&#8221; custom_padding=&#8221;14px||26px|||&#8221;][et_pb_column type=&#8221;1_2&#8243; _builder_version=&#8221;3.25&#8243; custom_padding=&#8221;|||&#8221; custom_padding__hover=&#8221;|||&#8221;][et_pb_text _builder_version=&#8221;3.27.4&#8243; text_font=&#8221;Roboto||||||||&#8221; text_font_size=&#8221;16px&#8221; text_line_height=&#8221;1.8em&#8221;][\/et_pb_text][\/et_pb_column][et_pb_column type=&#8221;1_4&#8243; _builder_version=&#8221;3.25&#8243; custom_padding=&#8221;|||&#8221; custom_padding__hover=&#8221;|||&#8221;][et_pb_blurb title=&#8221;Prawo odszkodowawcze&#8221; use_icon=&#8221;on&#8221; font_icon=&#8221;%%49%%&#8221; icon_color=&#8221;#0c71c3&#8243; icon_placement=&#8221;left&#8221; _builder_version=&#8221;4.4.2&#8243; custom_margin=&#8221;|||-979px||&#8221; hover_enabled=&#8221;0&#8243;]<\/p>\n<h1><\/h1>\n<p>[\/et_pb_blurb][et_pb_blurb title=&#8221;Prawo rodzinne i opieku\u0144cze&#8221; use_icon=&#8221;on&#8221; font_icon=&#8221;%%49%%&#8221; icon_color=&#8221;#0c71c3&#8243; icon_placement=&#8221;left&#8221; _builder_version=&#8221;4.4.2&#8243; width=&#8221;100%&#8221; custom_margin=&#8221;|||-653px||&#8221; custom_padding=&#8221;|||0px||&#8221; hover_enabled=&#8221;0&#8243;][\/et_pb_blurb][et_pb_blurb title=&#8221;Prawo spadkowe&#8221; use_icon=&#8221;on&#8221; font_icon=&#8221;%%49%%&#8221; icon_color=&#8221;#0c71c3&#8243; icon_placement=&#8221;left&#8221; _builder_version=&#8221;4.4.2&#8243; custom_margin=&#8221;|||-977px||&#8221; custom_padding=&#8221;||13px|0px||&#8221; hover_enabled=&#8221;0&#8243;][\/et_pb_blurb][et_pb_blurb title=&#8221;Dochodzenie roszcze\u0144 i windykacja nale\u017cno\u015bci&#8221; use_icon=&#8221;on&#8221; font_icon=&#8221;%%49%%&#8221; icon_color=&#8221;#0c71c3&#8243; icon_placement=&#8221;left&#8221; _builder_version=&#8221;4.4.2&#8243; custom_margin=&#8221;-71px|||-157px||&#8221; custom_padding=&#8221;|||3px||&#8221;][\/et_pb_blurb][\/et_pb_column][et_pb_column type=&#8221;1_4&#8243; _builder_version=&#8221;3.25&#8243; custom_padding=&#8221;|||&#8221; custom_padding__hover=&#8221;|||&#8221;][et_pb_blurb title=&#8221;Prawo organizacji pozarz\u0105dowych&#8221; use_icon=&#8221;on&#8221; font_icon=&#8221;%%49%%&#8221; icon_color=&#8221;#0c71c3&#8243; icon_placement=&#8221;left&#8221; _builder_version=&#8221;4.4.2&#8243; custom_margin=&#8221;|1px||-558px||&#8221; hover_enabled=&#8221;0&#8243;][\/et_pb_blurb][et_pb_blurb title=&#8221;Prawo rzeczowe&#8221; use_icon=&#8221;on&#8221; font_icon=&#8221;%%49%%&#8221; icon_color=&#8221;#0c71c3&#8243; icon_placement=&#8221;left&#8221; _builder_version=&#8221;4.4.2&#8243; min_height=&#8221;31px&#8221; custom_margin=&#8221;|||-555px||&#8221; custom_padding=&#8221;|||0px||&#8221;][\/et_pb_blurb][et_pb_blurb title=&#8221;Prawa konsumenta&#8221; use_icon=&#8221;on&#8221; font_icon=&#8221;%%49%%&#8221; icon_color=&#8221;#0c71c3&#8243; icon_placement=&#8221;left&#8221; _builder_version=&#8221;4.4.2&#8243; custom_margin=&#8221;-133px|-94px||||&#8221; custom_padding=&#8221;0px|||64px||&#8221;][\/et_pb_blurb][et_pb_blurb title=&#8221;Prawo karne &#8211; prawa pokrzywdzonych przest\u0119pstwem &#8221; use_icon=&#8221;on&#8221; font_icon=&#8221;%%49%%&#8221; icon_color=&#8221;#0c71c3&#8243; icon_placement=&#8221;left&#8221; _builder_version=&#8221;4.4.2&#8243; custom_margin=&#8221;||46px|67px||&#8221;][\/et_pb_blurb][et_pb_blurb title=&#8221;Mediacje &#8221; use_icon=&#8221;on&#8221; font_icon=&#8221;%%49%%&#8221; icon_color=&#8221;#0c71c3&#8243; icon_placement=&#8221;left&#8221; _builder_version=&#8221;4.4.2&#8243; custom_margin=&#8221;-27px||-9px|||&#8221; custom_padding=&#8221;||20px|70px||&#8221;][\/et_pb_blurb][\/et_pb_column][\/et_pb_row][\/et_pb_section][et_pb_section fb_built=&#8221;1&#8243; fullwidth=&#8221;on&#8221; _builder_version=&#8221;3.22&#8243; global_module=&#8221;71&#8243;][et_pb_fullwidth_header _builder_version=&#8221;3.16&#8243; background_color=&#8221;rgba(255, 255, 255, 0)&#8221; background_image=&#8221;https:\/\/kancelariakodex.pl\/wp-content\/uploads\/2018\/04\/colliery-north-star-277283_1920-1.jpg&#8221; parallax=&#8221;on&#8221; background_layout=&#8221;light&#8221; custom_css_before=&#8221;HEIGHT:225PX;&#8221; custom_css_main_element=&#8221;height:225px;&#8221; custom_css_after=&#8221;height:225px;&#8221; button_one_text_size__hover_enabled=&#8221;off&#8221; button_one_text_size__hover=&#8221;null&#8221; button_two_text_size__hover_enabled=&#8221;off&#8221; button_two_text_size__hover=&#8221;null&#8221; button_one_text_color__hover_enabled=&#8221;off&#8221; button_one_text_color__hover=&#8221;null&#8221; button_two_text_color__hover_enabled=&#8221;off&#8221; button_two_text_color__hover=&#8221;null&#8221; button_one_border_width__hover_enabled=&#8221;off&#8221; button_one_border_width__hover=&#8221;null&#8221; button_two_border_width__hover_enabled=&#8221;off&#8221; button_two_border_width__hover=&#8221;null&#8221; button_one_border_color__hover_enabled=&#8221;off&#8221; button_one_border_color__hover=&#8221;null&#8221; button_two_border_color__hover_enabled=&#8221;off&#8221; button_two_border_color__hover=&#8221;null&#8221; button_one_border_radius__hover_enabled=&#8221;off&#8221; button_one_border_radius__hover=&#8221;null&#8221; button_two_border_radius__hover_enabled=&#8221;off&#8221; button_two_border_radius__hover=&#8221;null&#8221; button_one_letter_spacing__hover_enabled=&#8221;off&#8221; button_one_letter_spacing__hover=&#8221;null&#8221; button_two_letter_spacing__hover_enabled=&#8221;off&#8221; button_two_letter_spacing__hover=&#8221;null&#8221; button_one_bg_color__hover_enabled=&#8221;off&#8221; button_one_bg_color__hover=&#8221;null&#8221; button_two_bg_color__hover_enabled=&#8221;off&#8221; button_two_bg_color__hover=&#8221;null&#8221;][\/et_pb_fullwidth_header][\/et_pb_section][et_pb_section fb_built=&#8221;1&#8243; _builder_version=&#8221;3.0.106&#8243; background_color=&#8221;#ad9663&#8243; custom_padding=&#8221;54px|0px|8px|0px|false|false&#8221; global_module=&#8221;73&#8243;][et_pb_row column_structure=&#8221;1_2,1_2&#8243; _builder_version=&#8221;3.25&#8243; background_size=&#8221;initial&#8221; background_position=&#8221;top_left&#8221; background_repeat=&#8221;repeat&#8221;][et_pb_column type=&#8221;1_2&#8243; _builder_version=&#8221;3.25&#8243; custom_padding=&#8221;|||&#8221; custom_padding__hover=&#8221;|||&#8221;][et_pb_blurb title=&#8221;Kancelaria Doradztwa Prawnego %22Kodex%22 Magdalena Polek&#8221; use_icon=&#8221;on&#8221; font_icon=&#8221;%%149%%&#8221; icon_color=&#8221;#ffffff&#8221; icon_placement=&#8221;left&#8221; _builder_version=&#8221;4.4.2&#8243; header_level=&#8221;h3&#8243; background_layout=&#8221;dark&#8221;][\/et_pb_blurb][et_pb_blurb title=&#8221;Ofiar O\u015bwi\u0119cimia 52, 32-620 Brzeszcze &#8221; use_icon=&#8221;on&#8221; font_icon=&#8221;%%249%%&#8221; icon_color=&#8221;#ffffff&#8221; icon_placement=&#8221;left&#8221; _builder_version=&#8221;4.4.2&#8243; header_level=&#8221;h3&#8243; background_layout=&#8221;dark&#8221;][\/et_pb_blurb][et_pb_blurb title=&#8221;51 66 77 918&#8243; use_icon=&#8221;on&#8221; font_icon=&#8221;%%264%%&#8221; icon_color=&#8221;#ffffff&#8221; icon_placement=&#8221;left&#8221; _builder_version=&#8221;4.4.2&#8243; header_level=&#8221;h3&#8243; background_layout=&#8221;dark&#8221;][\/et_pb_blurb][et_pb_blurb title=&#8221;kancelaria@kancelariakodex.pl&#8221; use_icon=&#8221;on&#8221; font_icon=&#8221;%%238%%&#8221; icon_color=&#8221;#ffffff&#8221; icon_placement=&#8221;left&#8221; _builder_version=&#8221;4.4.2&#8243; header_level=&#8221;h3&#8243; background_layout=&#8221;dark&#8221;][\/et_pb_blurb][\/et_pb_column][et_pb_column type=&#8221;1_2&#8243; _builder_version=&#8221;3.25&#8243; custom_padding=&#8221;|||&#8221; custom_padding__hover=&#8221;|||&#8221;][et_pb_contact_form email=&#8221;kancelaria@kancelariakodex.pl&#8221; module_id=&#8221;et_pb_contact_form_0&#8243; _builder_version=&#8221;4.4.2&#8243; captcha_font=&#8221;Georgia||||||||&#8221; captcha_text_color=&#8221;#ffffff&#8221; form_field_font=&#8221;Georgia||||||||&#8221; custom_button=&#8221;on&#8221; button_text_size=&#8221;14&#8243; button_text_color=&#8221;#000000&#8243; button_bg_color=&#8221;#ffffff&#8221; button_border_width=&#8221;1&#8243; button_border_radius=&#8221;50&#8243; button_font=&#8221;Georgia||||||||&#8221;][et_pb_contact_field field_id=&#8221;Imi\u0119&#8221; field_title=&#8221;Imi\u0119&#8221; fullwidth_field=&#8221;on&#8221; _builder_version=&#8221;3.16&#8243; button_text_size__hover_enabled=&#8221;off&#8221; button_one_text_size__hover_enabled=&#8221;off&#8221; button_two_text_size__hover_enabled=&#8221;off&#8221; button_text_color__hover_enabled=&#8221;off&#8221; button_one_text_color__hover_enabled=&#8221;off&#8221; button_two_text_color__hover_enabled=&#8221;off&#8221; button_border_width__hover_enabled=&#8221;off&#8221; button_one_border_width__hover_enabled=&#8221;off&#8221; button_two_border_width__hover_enabled=&#8221;off&#8221; button_border_color__hover_enabled=&#8221;off&#8221; button_one_border_color__hover_enabled=&#8221;off&#8221; button_two_border_color__hover_enabled=&#8221;off&#8221; button_border_radius__hover_enabled=&#8221;off&#8221; button_one_border_radius__hover_enabled=&#8221;off&#8221; button_two_border_radius__hover_enabled=&#8221;off&#8221; button_letter_spacing__hover_enabled=&#8221;off&#8221; button_one_letter_spacing__hover_enabled=&#8221;off&#8221; button_two_letter_spacing__hover_enabled=&#8221;off&#8221; button_bg_color__hover_enabled=&#8221;off&#8221; button_one_bg_color__hover_enabled=&#8221;off&#8221; button_two_bg_color__hover_enabled=&#8221;off&#8221;][\/et_pb_contact_field][et_pb_contact_field field_id=&#8221;E-mail&#8221; field_title=&#8221;E-mail&#8221; fullwidth_field=&#8221;on&#8221; _builder_version=&#8221;3.16&#8243; button_text_size__hover_enabled=&#8221;off&#8221; button_one_text_size__hover_enabled=&#8221;off&#8221; button_two_text_size__hover_enabled=&#8221;off&#8221; button_text_color__hover_enabled=&#8221;off&#8221; button_one_text_color__hover_enabled=&#8221;off&#8221; button_two_text_color__hover_enabled=&#8221;off&#8221; button_border_width__hover_enabled=&#8221;off&#8221; button_one_border_width__hover_enabled=&#8221;off&#8221; button_two_border_width__hover_enabled=&#8221;off&#8221; button_border_color__hover_enabled=&#8221;off&#8221; button_one_border_color__hover_enabled=&#8221;off&#8221; button_two_border_color__hover_enabled=&#8221;off&#8221; button_border_radius__hover_enabled=&#8221;off&#8221; button_one_border_radius__hover_enabled=&#8221;off&#8221; button_two_border_radius__hover_enabled=&#8221;off&#8221; button_letter_spacing__hover_enabled=&#8221;off&#8221; button_one_letter_spacing__hover_enabled=&#8221;off&#8221; button_two_letter_spacing__hover_enabled=&#8221;off&#8221; button_bg_color__hover_enabled=&#8221;off&#8221; button_one_bg_color__hover_enabled=&#8221;off&#8221; button_two_bg_color__hover_enabled=&#8221;off&#8221;][\/et_pb_contact_field][et_pb_contact_field field_id=&#8221;Telefon&#8221; field_title=&#8221;Telefon&#8221; fullwidth_field=&#8221;on&#8221; _builder_version=&#8221;3.16&#8243; button_text_size__hover_enabled=&#8221;off&#8221; button_one_text_size__hover_enabled=&#8221;off&#8221; button_two_text_size__hover_enabled=&#8221;off&#8221; button_text_color__hover_enabled=&#8221;off&#8221; button_one_text_color__hover_enabled=&#8221;off&#8221; button_two_text_color__hover_enabled=&#8221;off&#8221; button_border_width__hover_enabled=&#8221;off&#8221; button_one_border_width__hover_enabled=&#8221;off&#8221; button_two_border_width__hover_enabled=&#8221;off&#8221; button_border_color__hover_enabled=&#8221;off&#8221; button_one_border_color__hover_enabled=&#8221;off&#8221; button_two_border_color__hover_enabled=&#8221;off&#8221; button_border_radius__hover_enabled=&#8221;off&#8221; button_one_border_radius__hover_enabled=&#8221;off&#8221; button_two_border_radius__hover_enabled=&#8221;off&#8221; button_letter_spacing__hover_enabled=&#8221;off&#8221; button_one_letter_spacing__hover_enabled=&#8221;off&#8221; button_two_letter_spacing__hover_enabled=&#8221;off&#8221; button_bg_color__hover_enabled=&#8221;off&#8221; button_one_bg_color__hover_enabled=&#8221;off&#8221; button_two_bg_color__hover_enabled=&#8221;off&#8221;][\/et_pb_contact_field][et_pb_contact_field field_id=&#8221;Message&#8221; field_title=&#8221;Wiadomo\u015b\u0107&#8221; field_type=&#8221;text&#8221; fullwidth_field=&#8221;on&#8221; _builder_version=&#8221;3.16&#8243; button_text_size__hover_enabled=&#8221;off&#8221; button_one_text_size__hover_enabled=&#8221;off&#8221; button_two_text_size__hover_enabled=&#8221;off&#8221; button_text_color__hover_enabled=&#8221;off&#8221; button_one_text_color__hover_enabled=&#8221;off&#8221; button_two_text_color__hover_enabled=&#8221;off&#8221; button_border_width__hover_enabled=&#8221;off&#8221; button_one_border_width__hover_enabled=&#8221;off&#8221; button_two_border_width__hover_enabled=&#8221;off&#8221; button_border_color__hover_enabled=&#8221;off&#8221; button_one_border_color__hover_enabled=&#8221;off&#8221; button_two_border_color__hover_enabled=&#8221;off&#8221; button_border_radius__hover_enabled=&#8221;off&#8221; button_one_border_radius__hover_enabled=&#8221;off&#8221; button_two_border_radius__hover_enabled=&#8221;off&#8221; button_letter_spacing__hover_enabled=&#8221;off&#8221; button_one_letter_spacing__hover_enabled=&#8221;off&#8221; button_two_letter_spacing__hover_enabled=&#8221;off&#8221; button_bg_color__hover_enabled=&#8221;off&#8221; button_one_bg_color__hover_enabled=&#8221;off&#8221; button_two_bg_color__hover_enabled=&#8221;off&#8221;][\/et_pb_contact_field][et_pb_contact_field field_id=&#8221;Zgoda&#8221; field_title=&#8221;Kliknij aby przeczyta\u0107&#8221; field_type=&#8221;checkbox&#8221; checkbox_options=&#8221;%91{%22value%22:%22Wyra\u017cam zgod\u0119 na przetwarzanie moich danych osobowych na zasadach okre\u015blonych w Polityce Prywatno\u015bci.%22,%22checked%22:0,%22dragID%22:-1}%93&#8243; fullwidth_field=&#8221;on&#8221; _builder_version=&#8221;4.4.2&#8243; form_field_background_color=&#8221;#000000&#8243; form_field_text_color=&#8221;#ffffff&#8221; form_field_focus_background_color=&#8221;#000000&#8243; form_field_focus_text_color=&#8221;#ffffff&#8221; form_field_font=&#8221;Roboto||||||||&#8221; form_field_font_size=&#8221;15px&#8221; link_option_url=&#8221;https:\/\/kancelariakodex.pl\/index.php\/polityka-prywatnosci\/&#8221; button_text_size__hover_enabled=&#8221;off&#8221; button_one_text_size__hover_enabled=&#8221;off&#8221; button_two_text_size__hover_enabled=&#8221;off&#8221; button_text_color__hover_enabled=&#8221;off&#8221; button_one_text_color__hover_enabled=&#8221;off&#8221; button_two_text_color__hover_enabled=&#8221;off&#8221; button_border_width__hover_enabled=&#8221;off&#8221; button_one_border_width__hover_enabled=&#8221;off&#8221; button_two_border_width__hover_enabled=&#8221;off&#8221; button_border_color__hover_enabled=&#8221;off&#8221; button_one_border_color__hover_enabled=&#8221;off&#8221; button_two_border_color__hover_enabled=&#8221;off&#8221; button_border_radius__hover_enabled=&#8221;off&#8221; button_one_border_radius__hover_enabled=&#8221;off&#8221; button_two_border_radius__hover_enabled=&#8221;off&#8221; button_letter_spacing__hover_enabled=&#8221;off&#8221; button_one_letter_spacing__hover_enabled=&#8221;off&#8221; button_two_letter_spacing__hover_enabled=&#8221;off&#8221; button_bg_color__hover_enabled=&#8221;off&#8221; button_one_bg_color__hover_enabled=&#8221;off&#8221; button_two_bg_color__hover_enabled=&#8221;off&#8221;][\/et_pb_contact_field][\/et_pb_contact_form][\/et_pb_column][\/et_pb_row][\/et_pb_section][et_pb_section fb_built=&#8221;1&#8243; fullwidth=&#8221;on&#8221; _builder_version=&#8221;3.0.106&#8243; global_module=&#8221;74&#8243;][et_pb_fullwidth_code text_orientation=&#8221;center&#8221;]<iframe loading=\"lazy\" src=\"https:\/\/www.google.com\/maps\/embed?pb=!1m18!1m12!1m3!1d2565.331191916489!2d19.156675315714587!3d49.98639987941404!2m3!1f0!2f0!3f0!3m2!1i1024!2i768!4f13.1!3m3!1m2!1s0x4716bdf6f83f7a6f%3A0xddddc19d1349076f!2sOfiar+O%C5%9Bwi%C4%99cimia+52%2C+32-620+Brzeszcze!5e0!3m2!1spl!2spl!4v1524207412961\" width=\"2500\" height=\"400\" frameborder=\"0\" style=\"border:0\" allowfullscreen><\/iframe>[\/et_pb_fullwidth_code][\/et_pb_section]<\/p>\n","protected":false},"excerpt":{"rendered":"<p>[et_pb_section fb_built=&#8221;1&#8243; fullwidth=&#8221;on&#8221; _builder_version=&#8221;3.22&#8243;][et_pb_fullwidth_header header_fullscreen=&#8221;on&#8221; header_scroll_down=&#8221;on&#8221; scroll_down_icon=&#8221;%%2%%&#8221; background_overlay_color=&#8221;rgba(0,0,0,0.37)&#8221; _builder_version=&#8221;4.4.2&#8243; title_font=&#8221;Roboto||||||||&#8221; title_text_align=&#8221;center&#8221; title_line_height=&#8221;1.9em&#8221; content_font=&#8221;Dancing Script||||||||&#8221; content_text_align=&#8221;right&#8221; content_font_size=&#8221;30px&#8221; background_image=&#8221;https:\/\/kancelariakodex.pl\/wp-content\/uploads\/2020\/05\/urban-design-5127713_1920.jpg&#8221; inline_fonts=&#8221;ABeeZee,Flamenco,Nova Script,Cutive&#8221;] &#8222;Stawiaj czo\u0142a sytuacjom trudnym, kiedy wci\u0105\u017c s\u0105 jeszcze \u0142atwe, dokonuj wielkich czyn\u00f3w za pomoc\u0105 serii ma\u0142ych dzia\u0142a\u0144&#8221;. \u00a0 \u00a0 \u00a0 \u00a0 \u00a0 \u00a0 \u00a0 \u00a0 \u00a0 \u00a0 \u00a0 \u00a0 \u00a0 \u00a0 \u00a0 \u00a0 \u00a0 \u00a0 \u00a0 [&hellip;]<\/p>\n","protected":false},"author":1,"featured_media":0,"parent":0,"menu_order":0,"comment_status":"closed","ping_status":"closed","template":"","meta":{"_et_pb_use_builder":"on","_et_pb_old_content":"","_et_gb_content_width":"","footnotes":""},"class_list":["post-640","page","type-page","status-publish","hentry"],"_links":{"self":[{"href":"https:\/\/kancelariakodex.pl\/index.php\/wp-json\/wp\/v2\/pages\/640"}],"collection":[{"href":"https:\/\/kancelariakodex.pl\/index.php\/wp-json\/wp\/v2\/pages"}],"about":[{"href":"https:\/\/kancelariakodex.pl\/index.php\/wp-json\/wp\/v2\/types\/page"}],"author":[{"embeddable":true,"href":"https:\/\/kancelariakodex.pl\/index.php\/wp-json\/wp\/v2\/users\/1"}],"replies":[{"embeddable":true,"href":"https:\/\/kancelariakodex.pl\/index.php\/wp-json\/wp\/v2\/comments?post=640"}],"version-history":[{"count":0,"href":"https:\/\/kancelariakodex.pl\/index.php\/wp-json\/wp\/v2\/pages\/640\/revisions"}],"wp:attachment":[{"href":"https:\/\/kancelariakodex.pl\/index.php\/wp-json\/wp\/v2\/media?parent=640"}],"curies":[{"name":"wp","href":"https:\/\/api.w.org\/{rel}","templated":true}]}}