{"id":40,"date":"2018-04-18T15:44:02","date_gmt":"2018-04-18T13:44:02","guid":{"rendered":"https:\/\/kancelariakodex.pl\/index.php\/zasady-wspolpracy\/"},"modified":"2023-04-20T08:39:09","modified_gmt":"2023-04-20T06:39:09","slug":"zasady-wspolpracy","status":"publish","type":"page","link":"https:\/\/kancelariakodex.pl\/index.php\/zasady-wspolpracy\/","title":{"rendered":"Zasady wsp\u00f3\u0142pracy"},"content":{"rendered":"<p>[et_pb_section fb_built=&#8221;1&#8243; _builder_version=&#8221;3.22&#8243;][et_pb_row _builder_version=&#8221;3.25&#8243; background_size=&#8221;initial&#8221; background_position=&#8221;top_left&#8221; background_repeat=&#8221;repeat&#8221;][et_pb_column type=&#8221;4_4&#8243; _builder_version=&#8221;3.25&#8243; custom_padding=&#8221;|||&#8221; custom_padding__hover=&#8221;|||&#8221;][et_pb_text _builder_version=&#8221;4.4.2&#8243; header_2_font=&#8221;Georgia||||||||&#8221;]<\/p>\n<h2>Zasady wsp\u00f3\u0142pracy<\/h2>\n<p>[\/et_pb_text][\/et_pb_column][\/et_pb_row][et_pb_row column_structure=&#8221;1_3,1_3,1_3&#8243; _builder_version=&#8221;3.25&#8243; background_size=&#8221;initial&#8221; background_position=&#8221;top_left&#8221; background_repeat=&#8221;repeat&#8221;][et_pb_column type=&#8221;1_3&#8243; _builder_version=&#8221;3.25&#8243; custom_padding=&#8221;|||&#8221; custom_padding__hover=&#8221;|||&#8221;][et_pb_text _builder_version=&#8221;4.4.2&#8243; text_font=&#8221;Georgia||||||||&#8221; text_text_color=&#8221;#000000&#8243; text_font_size=&#8221;16px&#8221; text_line_height=&#8221;1.8em&#8221; header_4_font=&#8221;Georgia||||||||&#8221; header_4_font_size=&#8221;15px&#8221; header_4_line_height=&#8221;1.8em&#8221; text_orientation=&#8221;justified&#8221;]<\/p>\n<h4><strong>TRANSPARENTNO\u015a\u0106 &ndash; ROZWI\u0104ZANIA PRAWNE SZYTE NA MIAR\u0118 TWOJEGO PROBLEMU<\/strong><\/h4>\n<p>D\u0105\u017c\u0105c wsp&oacute;lnie z klientem do satysfakcjonuj\u0105cego zako\u0144czenia zleconej sprawy, opieram wsp&oacute;\u0142prac\u0119 o zasad\u0119 transparentno\u015bci. Informuj\u0119 klienta o wszystkich mo\u017cliwych sposobach rozwi\u0105zania danego problemu prawnego, jak i konsekwencjach ka\u017cdego z przedstawianych koncept&oacute;w, a tak\u017ce o potencjalnych ryzykach wyst\u0119puj\u0105cych na gruncie opisanego przez klienta stanu faktycznego. Nigdy nie u\u017cywam s\u0142owa &bdquo;niemo\u017cliwe&rdquo;, poniewa\u017c w swojej pracy mam odwag\u0119 korzysta\u0107 z rozwi\u0105za\u0144 nieszablonowych. Ka\u017cde zalecenie traktuj\u0119 indywidualnie, co pozwala na znalezienie optymalnego rozwi\u0105zania dostosowanego do potrzeb klienta. <\/p>\n<p>[\/et_pb_text][\/et_pb_column][et_pb_column type=&#8221;1_3&#8243; _builder_version=&#8221;3.25&#8243; custom_padding=&#8221;|||&#8221; custom_padding__hover=&#8221;|||&#8221;][et_pb_text _builder_version=&#8221;4.4.2&#8243; text_font=&#8221;Georgia||||||||&#8221; text_text_color=&#8221;#000000&#8243; text_font_size=&#8221;16px&#8221; text_line_height=&#8221;1.5em&#8221; header_4_font=&#8221;Georgia||||||||&#8221; header_4_font_size=&#8221;15px&#8221; header_4_line_height=&#8221;1.8em&#8221; text_orientation=&#8221;justified&#8221;]<\/p>\n<p><strong>WYNAGRODZENIE:<\/strong><\/p>\n<p>Wysoko\u015b\u0107 op\u0142at za \u015bwiadczon\u0105 przeze mnie us\u0142ug\u0119 prawn\u0105 lub mediacyjn\u0105 uzale\u017cniona jest zawsze od stopnia skomplikowania i zawi\u0142o\u015bci danej sprawy oraz nak\u0142adu pracy wymaganego do rzetelnego wykonania zadania. Wynagrodzenie ustalam ka\u017cdorazowo przed przyj\u0119ciem zlecenia.<br \/> W przypadku us\u0142ugi prawnej wynagrodzenie mo\u017ce przybra\u0107 form\u0119:<br \/> \u2022\u00a0wynagrodzenia za prowadzenie ca\u0142ej sprawy lub poszczeg\u00f3lnych jej etap\u00f3w,<br \/> \u2022\u00a0rycza\u0142tu miesi\u0119cznego,<br \/> \u2022\u00a0wynagrodzenia godzinowego,<br \/> \u2022\u00a0wynagrodzenia z premi\u0105 za sukces (success fee) w przypadku pomy\u015blnego wyniku post\u0119powania.<br \/> Koszt jednorazowej porady prawnej, w zale\u017cno\u015bci od sprawy, zaczyna si\u0119 od kwoty 180 z\u0142 (z VAT) za godzinn\u0105 konsultacj\u0119.<br \/> W przypadku us\u0142ug mediacyjnych op\u0142ata mediacyjna wynosi:<br \/> \u2022\u00a0nie mniej ni\u017c 500 z\u0142 + podatek VAT za ca\u0142o\u015b\u0107 post\u0119powania mediacyjnego \u2013 w sprawach o prawa niemaj\u0105tkowe oraz w sprawach o prawa maj\u0105tkowe, w kt\u00f3rych warto\u015bci przedmiotu sporu nie da si\u0119 ustali\u0107<br \/> \u2022\u00a0od 2% \u2013 5% + podatek VAT warto\u015bci przedmiotu sporu, jednak nie mniej ni\u017c 500 z\u0142 + podatek VAT za ca\u0142o\u015b\u0107 post\u0119powania mediacyjnego &#8211; w sprawach o prawa maj\u0105tkowe.<\/p>\n<p>[\/et_pb_text][\/et_pb_column][et_pb_column type=&#8221;1_3&#8243; _builder_version=&#8221;3.25&#8243; custom_padding=&#8221;|||&#8221; custom_padding__hover=&#8221;|||&#8221;][et_pb_text _builder_version=&#8221;4.4.2&#8243; text_font=&#8221;Georgia||||||||&#8221; text_text_color=&#8221;#000000&#8243; text_font_size=&#8221;16px&#8221; text_line_height=&#8221;1.8em&#8221; header_4_font=&#8221;Georgia||||||||&#8221; header_4_font_size=&#8221;15px&#8221; header_4_line_height=&#8221;1.8em&#8221; text_orientation=&#8221;justified&#8221;]<\/p>\n<p><strong>ROZMOWA KLUCZEM DO SUKCESU<\/strong><\/p>\n<p>Prac\u0119 nad ka\u017cdym zleceniem, zaczynam od rozmowy z klientem na temat jego oczekiwa\u0144 i stanu faktycznego sprawy. Stawiam na bezwzgl\u0119dn\u0105 szczero\u015b\u0107 klienta, co do wszystkich niuans&oacute;w zagadnienia, gdy\u017c tylko w prawid\u0142owo opisanych okoliczno\u015bciach faktycznych, mog\u0119 udzieli\u0107 rzetelnej pomocy. Analizuj\u0119 w&oacute;wczas wszystkie mo\u017cliwe sposoby post\u0119powania oraz ewentualne zagro\u017cenia, kt&oacute;re wyst\u0119puj\u0105 w danej sytuacji. Na tej podstawie przedstawiam klientowi strategi\u0119 dzia\u0142ania, wsp&oacute;lnie ustalamy zakres pomocy prawnej oraz spos&oacute;b rozliczenia mojego wynagrodzenia. Oferuj\u0119 nie tylko tradycyjne konsultacje w siedzibie Kancelarii, ale r&oacute;wnie\u017c us\u0142ugi prawne online. <\/p>\n<p>[\/et_pb_text][\/et_pb_column][\/et_pb_row][\/et_pb_section][et_pb_section fb_built=&#8221;1&#8243; fullwidth=&#8221;on&#8221; _builder_version=&#8221;3.22&#8243; global_module=&#8221;71&#8243;][et_pb_fullwidth_header _builder_version=&#8221;3.16&#8243; background_color=&#8221;rgba(255, 255, 255, 0)&#8221; background_image=&#8221;https:\/\/kancelariakodex.pl\/wp-content\/uploads\/2018\/04\/colliery-north-star-277283_1920-1.jpg&#8221; parallax=&#8221;on&#8221; background_layout=&#8221;light&#8221; custom_css_before=&#8221;HEIGHT:225PX;&#8221; custom_css_main_element=&#8221;height:225px;&#8221; custom_css_after=&#8221;height:225px;&#8221; button_one_text_size__hover_enabled=&#8221;off&#8221; button_one_text_size__hover=&#8221;null&#8221; button_two_text_size__hover_enabled=&#8221;off&#8221; button_two_text_size__hover=&#8221;null&#8221; button_one_text_color__hover_enabled=&#8221;off&#8221; button_one_text_color__hover=&#8221;null&#8221; button_two_text_color__hover_enabled=&#8221;off&#8221; button_two_text_color__hover=&#8221;null&#8221; button_one_border_width__hover_enabled=&#8221;off&#8221; button_one_border_width__hover=&#8221;null&#8221; button_two_border_width__hover_enabled=&#8221;off&#8221; button_two_border_width__hover=&#8221;null&#8221; button_one_border_color__hover_enabled=&#8221;off&#8221; button_one_border_color__hover=&#8221;null&#8221; button_two_border_color__hover_enabled=&#8221;off&#8221; button_two_border_color__hover=&#8221;null&#8221; button_one_border_radius__hover_enabled=&#8221;off&#8221; button_one_border_radius__hover=&#8221;null&#8221; button_two_border_radius__hover_enabled=&#8221;off&#8221; button_two_border_radius__hover=&#8221;null&#8221; button_one_letter_spacing__hover_enabled=&#8221;off&#8221; button_one_letter_spacing__hover=&#8221;null&#8221; button_two_letter_spacing__hover_enabled=&#8221;off&#8221; button_two_letter_spacing__hover=&#8221;null&#8221; button_one_bg_color__hover_enabled=&#8221;off&#8221; button_one_bg_color__hover=&#8221;null&#8221; button_two_bg_color__hover_enabled=&#8221;off&#8221; button_two_bg_color__hover=&#8221;null&#8221;][\/et_pb_fullwidth_header][\/et_pb_section][et_pb_section fb_built=&#8221;1&#8243; _builder_version=&#8221;3.0.106&#8243; background_color=&#8221;#ad9663&#8243; custom_padding=&#8221;54px|0px|8px|0px|false|false&#8221; global_module=&#8221;73&#8243;][et_pb_row column_structure=&#8221;1_2,1_2&#8243; _builder_version=&#8221;3.25&#8243; background_size=&#8221;initial&#8221; background_position=&#8221;top_left&#8221; background_repeat=&#8221;repeat&#8221;][et_pb_column type=&#8221;1_2&#8243; _builder_version=&#8221;3.25&#8243; custom_padding=&#8221;|||&#8221; custom_padding__hover=&#8221;|||&#8221;][et_pb_blurb title=&#8221;Kancelaria Doradztwa Prawnego %22Kodex%22 Magdalena Polek&#8221; use_icon=&#8221;on&#8221; font_icon=&#8221;%%149%%&#8221; icon_color=&#8221;#ffffff&#8221; icon_placement=&#8221;left&#8221; _builder_version=&#8221;4.4.2&#8243; header_level=&#8221;h3&#8243; background_layout=&#8221;dark&#8221;][\/et_pb_blurb][et_pb_blurb title=&#8221;Ofiar O\u015bwi\u0119cimia 52, 32-620 Brzeszcze &#8221; use_icon=&#8221;on&#8221; font_icon=&#8221;%%249%%&#8221; icon_color=&#8221;#ffffff&#8221; icon_placement=&#8221;left&#8221; _builder_version=&#8221;4.4.2&#8243; header_level=&#8221;h3&#8243; background_layout=&#8221;dark&#8221;][\/et_pb_blurb][et_pb_blurb title=&#8221;51 66 77 918&#8243; use_icon=&#8221;on&#8221; font_icon=&#8221;%%264%%&#8221; icon_color=&#8221;#ffffff&#8221; icon_placement=&#8221;left&#8221; _builder_version=&#8221;4.4.2&#8243; header_level=&#8221;h3&#8243; background_layout=&#8221;dark&#8221;][\/et_pb_blurb][et_pb_blurb title=&#8221;kancelaria@kancelariakodex.pl&#8221; use_icon=&#8221;on&#8221; font_icon=&#8221;%%238%%&#8221; icon_color=&#8221;#ffffff&#8221; icon_placement=&#8221;left&#8221; _builder_version=&#8221;4.4.2&#8243; header_level=&#8221;h3&#8243; background_layout=&#8221;dark&#8221;][\/et_pb_blurb][\/et_pb_column][et_pb_column type=&#8221;1_2&#8243; _builder_version=&#8221;3.25&#8243; custom_padding=&#8221;|||&#8221; custom_padding__hover=&#8221;|||&#8221;][et_pb_contact_form email=&#8221;kancelaria@kancelariakodex.pl&#8221; module_id=&#8221;et_pb_contact_form_0&#8243; _builder_version=&#8221;4.4.2&#8243; captcha_font=&#8221;Georgia||||||||&#8221; captcha_text_color=&#8221;#ffffff&#8221; form_field_font=&#8221;Georgia||||||||&#8221; custom_button=&#8221;on&#8221; button_text_size=&#8221;14&#8243; button_text_color=&#8221;#000000&#8243; button_bg_color=&#8221;#ffffff&#8221; button_border_width=&#8221;1&#8243; button_border_radius=&#8221;50&#8243; button_font=&#8221;Georgia||||||||&#8221;][et_pb_contact_field field_id=&#8221;Imi\u0119&#8221; field_title=&#8221;Imi\u0119&#8221; fullwidth_field=&#8221;on&#8221; _builder_version=&#8221;3.16&#8243; button_text_size__hover_enabled=&#8221;off&#8221; button_one_text_size__hover_enabled=&#8221;off&#8221; button_two_text_size__hover_enabled=&#8221;off&#8221; button_text_color__hover_enabled=&#8221;off&#8221; button_one_text_color__hover_enabled=&#8221;off&#8221; button_two_text_color__hover_enabled=&#8221;off&#8221; button_border_width__hover_enabled=&#8221;off&#8221; button_one_border_width__hover_enabled=&#8221;off&#8221; button_two_border_width__hover_enabled=&#8221;off&#8221; button_border_color__hover_enabled=&#8221;off&#8221; button_one_border_color__hover_enabled=&#8221;off&#8221; button_two_border_color__hover_enabled=&#8221;off&#8221; button_border_radius__hover_enabled=&#8221;off&#8221; button_one_border_radius__hover_enabled=&#8221;off&#8221; button_two_border_radius__hover_enabled=&#8221;off&#8221; button_letter_spacing__hover_enabled=&#8221;off&#8221; button_one_letter_spacing__hover_enabled=&#8221;off&#8221; button_two_letter_spacing__hover_enabled=&#8221;off&#8221; button_bg_color__hover_enabled=&#8221;off&#8221; button_one_bg_color__hover_enabled=&#8221;off&#8221; button_two_bg_color__hover_enabled=&#8221;off&#8221;][\/et_pb_contact_field][et_pb_contact_field field_id=&#8221;E-mail&#8221; field_title=&#8221;E-mail&#8221; fullwidth_field=&#8221;on&#8221; _builder_version=&#8221;3.16&#8243; button_text_size__hover_enabled=&#8221;off&#8221; button_one_text_size__hover_enabled=&#8221;off&#8221; button_two_text_size__hover_enabled=&#8221;off&#8221; button_text_color__hover_enabled=&#8221;off&#8221; button_one_text_color__hover_enabled=&#8221;off&#8221; button_two_text_color__hover_enabled=&#8221;off&#8221; button_border_width__hover_enabled=&#8221;off&#8221; button_one_border_width__hover_enabled=&#8221;off&#8221; button_two_border_width__hover_enabled=&#8221;off&#8221; button_border_color__hover_enabled=&#8221;off&#8221; button_one_border_color__hover_enabled=&#8221;off&#8221; button_two_border_color__hover_enabled=&#8221;off&#8221; button_border_radius__hover_enabled=&#8221;off&#8221; button_one_border_radius__hover_enabled=&#8221;off&#8221; button_two_border_radius__hover_enabled=&#8221;off&#8221; button_letter_spacing__hover_enabled=&#8221;off&#8221; button_one_letter_spacing__hover_enabled=&#8221;off&#8221; button_two_letter_spacing__hover_enabled=&#8221;off&#8221; button_bg_color__hover_enabled=&#8221;off&#8221; button_one_bg_color__hover_enabled=&#8221;off&#8221; button_two_bg_color__hover_enabled=&#8221;off&#8221;][\/et_pb_contact_field][et_pb_contact_field field_id=&#8221;Telefon&#8221; field_title=&#8221;Telefon&#8221; fullwidth_field=&#8221;on&#8221; _builder_version=&#8221;3.16&#8243; button_text_size__hover_enabled=&#8221;off&#8221; button_one_text_size__hover_enabled=&#8221;off&#8221; button_two_text_size__hover_enabled=&#8221;off&#8221; button_text_color__hover_enabled=&#8221;off&#8221; button_one_text_color__hover_enabled=&#8221;off&#8221; button_two_text_color__hover_enabled=&#8221;off&#8221; button_border_width__hover_enabled=&#8221;off&#8221; button_one_border_width__hover_enabled=&#8221;off&#8221; button_two_border_width__hover_enabled=&#8221;off&#8221; button_border_color__hover_enabled=&#8221;off&#8221; button_one_border_color__hover_enabled=&#8221;off&#8221; button_two_border_color__hover_enabled=&#8221;off&#8221; button_border_radius__hover_enabled=&#8221;off&#8221; button_one_border_radius__hover_enabled=&#8221;off&#8221; button_two_border_radius__hover_enabled=&#8221;off&#8221; button_letter_spacing__hover_enabled=&#8221;off&#8221; button_one_letter_spacing__hover_enabled=&#8221;off&#8221; button_two_letter_spacing__hover_enabled=&#8221;off&#8221; button_bg_color__hover_enabled=&#8221;off&#8221; button_one_bg_color__hover_enabled=&#8221;off&#8221; button_two_bg_color__hover_enabled=&#8221;off&#8221;][\/et_pb_contact_field][et_pb_contact_field field_id=&#8221;Message&#8221; field_title=&#8221;Wiadomo\u015b\u0107&#8221; field_type=&#8221;text&#8221; fullwidth_field=&#8221;on&#8221; _builder_version=&#8221;3.16&#8243; button_text_size__hover_enabled=&#8221;off&#8221; button_one_text_size__hover_enabled=&#8221;off&#8221; button_two_text_size__hover_enabled=&#8221;off&#8221; button_text_color__hover_enabled=&#8221;off&#8221; button_one_text_color__hover_enabled=&#8221;off&#8221; button_two_text_color__hover_enabled=&#8221;off&#8221; button_border_width__hover_enabled=&#8221;off&#8221; button_one_border_width__hover_enabled=&#8221;off&#8221; button_two_border_width__hover_enabled=&#8221;off&#8221; button_border_color__hover_enabled=&#8221;off&#8221; button_one_border_color__hover_enabled=&#8221;off&#8221; button_two_border_color__hover_enabled=&#8221;off&#8221; button_border_radius__hover_enabled=&#8221;off&#8221; button_one_border_radius__hover_enabled=&#8221;off&#8221; button_two_border_radius__hover_enabled=&#8221;off&#8221; button_letter_spacing__hover_enabled=&#8221;off&#8221; button_one_letter_spacing__hover_enabled=&#8221;off&#8221; button_two_letter_spacing__hover_enabled=&#8221;off&#8221; button_bg_color__hover_enabled=&#8221;off&#8221; button_one_bg_color__hover_enabled=&#8221;off&#8221; button_two_bg_color__hover_enabled=&#8221;off&#8221;][\/et_pb_contact_field][et_pb_contact_field field_id=&#8221;Zgoda&#8221; field_title=&#8221;Kliknij aby przeczyta\u0107&#8221; field_type=&#8221;checkbox&#8221; checkbox_options=&#8221;%91{%22value%22:%22Wyra\u017cam zgod\u0119 na przetwarzanie moich danych osobowych na zasadach okre\u015blonych w Polityce Prywatno\u015bci.%22,%22checked%22:0,%22dragID%22:-1}%93&#8243; fullwidth_field=&#8221;on&#8221; _builder_version=&#8221;4.4.2&#8243; form_field_background_color=&#8221;#000000&#8243; form_field_text_color=&#8221;#ffffff&#8221; form_field_focus_background_color=&#8221;#000000&#8243; form_field_focus_text_color=&#8221;#ffffff&#8221; form_field_font=&#8221;Roboto||||||||&#8221; form_field_font_size=&#8221;15px&#8221; link_option_url=&#8221;https:\/\/kancelariakodex.pl\/index.php\/polityka-prywatnosci\/&#8221; button_text_size__hover_enabled=&#8221;off&#8221; button_one_text_size__hover_enabled=&#8221;off&#8221; button_two_text_size__hover_enabled=&#8221;off&#8221; button_text_color__hover_enabled=&#8221;off&#8221; button_one_text_color__hover_enabled=&#8221;off&#8221; button_two_text_color__hover_enabled=&#8221;off&#8221; button_border_width__hover_enabled=&#8221;off&#8221; button_one_border_width__hover_enabled=&#8221;off&#8221; button_two_border_width__hover_enabled=&#8221;off&#8221; button_border_color__hover_enabled=&#8221;off&#8221; button_one_border_color__hover_enabled=&#8221;off&#8221; button_two_border_color__hover_enabled=&#8221;off&#8221; button_border_radius__hover_enabled=&#8221;off&#8221; button_one_border_radius__hover_enabled=&#8221;off&#8221; button_two_border_radius__hover_enabled=&#8221;off&#8221; button_letter_spacing__hover_enabled=&#8221;off&#8221; button_one_letter_spacing__hover_enabled=&#8221;off&#8221; button_two_letter_spacing__hover_enabled=&#8221;off&#8221; button_bg_color__hover_enabled=&#8221;off&#8221; button_one_bg_color__hover_enabled=&#8221;off&#8221; button_two_bg_color__hover_enabled=&#8221;off&#8221;][\/et_pb_contact_field][\/et_pb_contact_form][et_pb_text _builder_version=&#8221;4.4.2&#8243; text_font=&#8221;Georgia||||on||||&#8221; text_text_color=&#8221;#ffffff&#8221; link_option_url=&#8221;https:\/\/kancelariakodex.pl\/index.php\/regulamin-swiadczenia-uslug-droga-elektroniczna-w-witrynie-internetowej-www-kancelariakodex-pl\/&#8221;]Regulamin \u015bwiadczenia us\u0142ug drog\u0105 elektroniczn\u0105                                                                                   w witrynie internetowej www.kancelariakodex.pl[\/et_pb_text][\/et_pb_column][\/et_pb_row][\/et_pb_section][et_pb_section fb_built=&#8221;1&#8243; fullwidth=&#8221;on&#8221; _builder_version=&#8221;3.0.106&#8243; global_module=&#8221;74&#8243;][et_pb_fullwidth_code text_orientation=&#8221;center&#8221;]<iframe loading=\"lazy\" src=\"https:\/\/www.google.com\/maps\/embed?pb=!1m18!1m12!1m3!1d2565.331191916489!2d19.156675315714587!3d49.98639987941404!2m3!1f0!2f0!3f0!3m2!1i1024!2i768!4f13.1!3m3!1m2!1s0x4716bdf6f83f7a6f%3A0xddddc19d1349076f!2sOfiar+O%C5%9Bwi%C4%99cimia+52%2C+32-620+Brzeszcze!5e0!3m2!1spl!2spl!4v1524207412961\" width=\"2500\" height=\"400\" frameborder=\"0\" style=\"border:0\" allowfullscreen><\/iframe>[\/et_pb_fullwidth_code][\/et_pb_section]<\/p>\n","protected":false},"excerpt":{"rendered":"<p>[et_pb_section fb_built=&#8221;1&#8243; _builder_version=&#8221;3.22&#8243;][et_pb_row _builder_version=&#8221;3.25&#8243; background_size=&#8221;initial&#8221; background_position=&#8221;top_left&#8221; background_repeat=&#8221;repeat&#8221;][et_pb_column type=&#8221;4_4&#8243; _builder_version=&#8221;3.25&#8243; custom_padding=&#8221;|||&#8221; custom_padding__hover=&#8221;|||&#8221;][et_pb_text _builder_version=&#8221;4.4.2&#8243; header_2_font=&#8221;Georgia||||||||&#8221;] Zasady wsp\u00f3\u0142pracy [\/et_pb_text][\/et_pb_column][\/et_pb_row][et_pb_row column_structure=&#8221;1_3,1_3,1_3&#8243; _builder_version=&#8221;3.25&#8243; background_size=&#8221;initial&#8221; background_position=&#8221;top_left&#8221; background_repeat=&#8221;repeat&#8221;][et_pb_column type=&#8221;1_3&#8243; _builder_version=&#8221;3.25&#8243; custom_padding=&#8221;|||&#8221; custom_padding__hover=&#8221;|||&#8221;][et_pb_text _builder_version=&#8221;4.4.2&#8243; text_font=&#8221;Georgia||||||||&#8221; text_text_color=&#8221;#000000&#8243; text_font_size=&#8221;16px&#8221; text_line_height=&#8221;1.8em&#8221; header_4_font=&#8221;Georgia||||||||&#8221; header_4_font_size=&#8221;15px&#8221; header_4_line_height=&#8221;1.8em&#8221; text_orientation=&#8221;justified&#8221;] TRANSPARENTNO\u015a\u0106 &ndash; ROZWI\u0104ZANIA PRAWNE SZYTE NA MIAR\u0118 TWOJEGO PROBLEMU D\u0105\u017c\u0105c wsp&oacute;lnie z klientem do satysfakcjonuj\u0105cego zako\u0144czenia zleconej sprawy, opieram wsp&oacute;\u0142prac\u0119 o [&hellip;]<\/p>\n","protected":false},"author":1,"featured_media":765,"parent":0,"menu_order":0,"comment_status":"closed","ping_status":"closed","template":"","meta":{"_et_pb_use_builder":"on","_et_pb_old_content":"<h4 class=\"western\" align=\"justify\"><span style=\"font-family: Georgia, serif;\"><span style=\"font-size: large;\">Do ka\u017cdej ze spraw podchodz\u0119 bardzo indywidualnie, dzi\u0119ki czemu otrzymujesz ode mnie najbardziej optymalne rozwi\u0105zanie szyte na miar\u0119 Twojego problemu.<\/span><\/span><\/h4><p>\u00a0<\/p><h4 class=\"western\" align=\"justify\"><span style=\"font-family: Georgia, serif;\"><span style=\"font-size: large;\">Konsultacja w Twojej sprawie mo\u017cliwa jest jedynie po wcze\u015bniejszym um\u00f3wieniu wizyty. (godz. 9.00 - 17.00)<\/span><\/span><span style=\"font-family: Georgia, serif;\"><span style=\"font-size: large;\"> Istnieje tak\u017ce mo\u017cliwo\u015b\u0107 \u015bwiadczenia przeze mnie zdalnej us\u0142ugi prawnej, po wcze\u015bniejszym ustaleniu warunk\u00f3w pomocy w konkretnej sprawie.<\/span><\/span><\/h4><p>\u00a0<\/p><h4 class=\"western\" align=\"justify\"><span style=\"color: #000000;\"><span style=\"font-family: Georgia, serif;\"><span style=\"font-size: large;\">Nie zak\u0142adam niczego z g\u00f3ry.<\/span><\/span><\/span><\/h4><h4 class=\"western\" align=\"justify\"><span style=\"color: #000000;\"><span style=\"font-family: Georgia, serif;\"><span style=\"font-size: large;\">Nie patrz\u0119 na \u015bwiat z wy\u017cszo\u015bci\u0105.<\/span><\/span><\/span><\/h4><h4 class=\"western\" align=\"justify\"><span style=\"color: #000000;\"><span style=\"font-family: Georgia, serif;\"><span style=\"font-size: large;\">Nie znosz\u0119 s\u0142owa \"niemo\u017cliwe\".<\/span><\/span><\/span><\/h4><p>\u00a0<\/p><h4 class=\"western\" align=\"justify\"><span style=\"color: #ff6600;\"><span style=\"font-family: Georgia, serif;\"><span style=\"font-size: large;\">Masz problem, nie widzisz perspektyw na jego rozwi\u0105zanie? <\/span><\/span><\/span><\/h4><h4 class=\"western\" align=\"justify\"><span style=\"color: #ff6600;\"><span style=\"font-family: Georgia, serif;\"><span style=\"font-size: large;\">Skontaktuj si\u0119 ze mn\u0105. Pomagam.<\/span><\/span><\/span><\/h4>","_et_gb_content_width":"","footnotes":""},"class_list":["post-40","page","type-page","status-publish","has-post-thumbnail","hentry"],"_links":{"self":[{"href":"https:\/\/kancelariakodex.pl\/index.php\/wp-json\/wp\/v2\/pages\/40"}],"collection":[{"href":"https:\/\/kancelariakodex.pl\/index.php\/wp-json\/wp\/v2\/pages"}],"about":[{"href":"https:\/\/kancelariakodex.pl\/index.php\/wp-json\/wp\/v2\/types\/page"}],"author":[{"embeddable":true,"href":"https:\/\/kancelariakodex.pl\/index.php\/wp-json\/wp\/v2\/users\/1"}],"replies":[{"embeddable":true,"href":"https:\/\/kancelariakodex.pl\/index.php\/wp-json\/wp\/v2\/comments?post=40"}],"version-history":[{"count":0,"href":"https:\/\/kancelariakodex.pl\/index.php\/wp-json\/wp\/v2\/pages\/40\/revisions"}],"wp:featuredmedia":[{"embeddable":true,"href":"https:\/\/kancelariakodex.pl\/index.php\/wp-json\/wp\/v2\/media\/765"}],"wp:attachment":[{"href":"https:\/\/kancelariakodex.pl\/index.php\/wp-json\/wp\/v2\/media?parent=40"}],"curies":[{"name":"wp","href":"https:\/\/api.w.org\/{rel}","templated":true}]}}